{"id":1600,"date":"2024-03-20T13:32:29","date_gmt":"2024-03-20T13:32:29","guid":{"rendered":"http:\/\/www.kmtcoding.com\/packaging\/?post_type=product&#038;p=1600"},"modified":"2025-01-13T15:12:14","modified_gmt":"2025-01-13T15:12:14","slug":"automatic-pillow-packing-machine-top-film-2","status":"publish","type":"product","link":"https:\/\/www.kmtcoding.com\/packaging\/?product=automatic-pillow-packing-machine-top-film-2","title":{"rendered":"FLOWPACK BG-600D-Machine d&#8217;emballage automatique de flux d&#8217;oreiller horizontal de sac de biscuit de chocolat de pain de savon de moteur servo\u2026"},"content":{"rendered":"<p>Caract\u00e9ristiques<br \/>\n01 La longueur du sac peut \u00eatre r\u00e9gl\u00e9e et coup\u00e9e en une seule \u00e9tape, ce qui permet d&#8217;\u00e9conomiser du temps et du film.<br \/>\n02 L&#8217;interface offre un r\u00e9glage et une utilisation simples et rapides.<br \/>\n03 Autodiagnostic de panne, affichage clair des pannes.<br \/>\n04 Tra\u00e7age photo\u00e9lectrique de la couleur des yeux \u00e0 haute sensibilit\u00e9, saisie num\u00e9rique de la position de scellement de coupe pour plus de pr\u00e9cision.<br \/>\n05 Contr\u00f4le PID ind\u00e9pendant de la temp\u00e9rature, plus adapt\u00e9 \u00e0 l&#8217;emballage de diff\u00e9rents mat\u00e9riaux.<br \/>\n06 Fonction d&#8217;arr\u00eat positionn\u00e9, sans coller le couteau ni gaspiller le film.<br \/>\n07 Syst\u00e8me de conduite simple, fonctionnement fiable, entretien pratique.<br \/>\n08 Tous les contr\u00f4les sont r\u00e9alis\u00e9s via un logiciel, ce qui facilite le r\u00e9glage des fonctions et la mise \u00e0 niveau technique.<br \/>\nAvantage<br \/>\n01 Efficace : Confection de sacs, remplissage, scellage, d\u00e9coupe, chauffage, date \/ num\u00e9ro de lot r\u00e9alis\u00e9s en une seule fois.<br \/>\n02 Intelligent : la vitesse d&#8217;emballage et la longueur du sac peuvent \u00eatre r\u00e9gl\u00e9es via l&#8217;\u00e9cran sans changement de pi\u00e8ces.<br \/>\n03 Profession : Contr\u00f4leur de temp\u00e9rature ind\u00e9pendant avec \u00e9quilibre thermique permettant diff\u00e9rents mat\u00e9riaux d&#8217;emballage ; Contr\u00f4leur \u00e0 double onduleur, syst\u00e8me PLC \u00e9volutif, diagnostic d&#8217;auto-d\u00e9faillance, double encodeur.<br \/>\n04 Caract\u00e9ristique : Fonction d&#8217;arr\u00eat automatique, avec fonctionnement s\u00fbr et sauvegarde du film.<br \/>\n05 Pratique : faible perte, \u00e9conomie de main-d&#8217;\u0153uvre, facile \u00e0 utiliser et \u00e0 entretenir.<br \/>\n06 Adaptabilit\u00e9 : un ensemble de machines peut \u00eatre appliqu\u00e9 \u00e0 diff\u00e9rents types de produits via des dispositifs optionnels, tels qu&#8217;un dispositif de remplissage d&#8217;air, une ligne d&#8217;alimentation, etc.<br \/>\nApplications<br \/>\nUne machine d&#8217;emballage est capable d&#8217;emballer diff\u00e9rents types de produits, comme des aliments, des m\u00e9dicaments, des appareils m\u00e9nagers, des cosm\u00e9tiques, des m\u00e9taux, des pi\u00e8ces industrielles, des bo\u00eetes, des plateaux, des jouets. Elle peut \u00e9galement se connecter \u00e0 d&#8217;autres lignes de production. La machine d&#8217;emballage int\u00e8gre la fabrication de sacs, le remplissage, le scellage, la d\u00e9coupe, le chauffage, la date\/le num\u00e9ro de lot obtenu en une seule \u00e9tape, la vitesse d&#8217;emballage et la longueur du sac peuvent \u00eatre r\u00e9gl\u00e9es sur l&#8217;\u00e9cran tactile sans changer aucune pi\u00e8ce de la machine.<\/p>\n","protected":false},"excerpt":{"rendered":"<p>Le fonctionnement de la machine commence avec un rouleau de film cylindrique. La machine d&#8217;emballage en continu transf\u00e8re le film du rouleau jusqu&#8217;au collier de formage (parfois appel\u00e9 tube ou charrue). En m\u00eame temps, un convoyeur aligne les produits individuels \u00e0 emballer. Le film est introduit dans le collier et le produit est entour\u00e9 de film, scell\u00e9 et le film est ensuite coup\u00e9. Le produit individuel fini est ensuite rassembl\u00e9 en aval pour \u00eatre ensach\u00e9 ou cartonn\u00e9 avant la mise en bo\u00eete et la palettisation.<\/p>\n","protected":false},"featured_media":2426,"comment_status":"open","ping_status":"closed","template":"","meta":[],"product_cat":[290,298,324],"product_tag":[],"aioseo_notices":[],"_links":{"self":[{"href":"https:\/\/www.kmtcoding.com\/packaging\/index.php?rest_route=\/wp\/v2\/product\/1600"}],"collection":[{"href":"https:\/\/www.kmtcoding.com\/packaging\/index.php?rest_route=\/wp\/v2\/product"}],"about":[{"href":"https:\/\/www.kmtcoding.com\/packaging\/index.php?rest_route=\/wp\/v2\/types\/product"}],"replies":[{"embeddable":true,"href":"https:\/\/www.kmtcoding.com\/packaging\/index.php?rest_route=%2Fwp%2Fv2%2Fcomments&post=1600"}],"wp:featuredmedia":[{"embeddable":true,"href":"https:\/\/www.kmtcoding.com\/packaging\/index.php?rest_route=\/wp\/v2\/media\/2426"}],"wp:attachment":[{"href":"https:\/\/www.kmtcoding.com\/packaging\/index.php?rest_route=%2Fwp%2Fv2%2Fmedia&parent=1600"}],"wp:term":[{"taxonomy":"product_cat","embeddable":true,"href":"https:\/\/www.kmtcoding.com\/packaging\/index.php?rest_route=%2Fwp%2Fv2%2Fproduct_cat&post=1600"},{"taxonomy":"product_tag","embeddable":true,"href":"https:\/\/www.kmtcoding.com\/packaging\/index.php?rest_route=%2Fwp%2Fv2%2Fproduct_tag&post=1600"}],"curies":[{"name":"wp","href":"https:\/\/api.w.org\/{rel}","templated":true}]}}