{"id":1854,"date":"2024-04-02T02:55:23","date_gmt":"2024-04-02T02:55:23","guid":{"rendered":"http:\/\/www.kmtcoding.com\/packaging\/?post_type=product&#038;p=1854"},"modified":"2024-04-05T00:24:08","modified_gmt":"2024-04-05T00:24:08","slug":"original-mini-automatic-dater","status":"publish","type":"product","link":"https:\/\/www.kmtcoding.com\/packaging\/?product=original-mini-automatic-dater","title":{"rendered":"Original Mini Automatic Dater"},"content":{"rendered":"<p>La mini-imprimante TIJ1800 offre une solution d&#8217;impression efficace et conviviale pour une vari\u00e9t\u00e9 d&#8217;applications industrielles. Avec son \u00e9cran tactile et son interface intuitive, elle est facile \u00e0 utiliser sans n\u00e9cessiter de formation sp\u00e9cifique. Cette imprimante polyvalente peut \u00eatre install\u00e9e horizontalement ou verticalement, s&#8217;adaptant ainsi \u00e0 diff\u00e9rents environnements de production. Elle offre une impression rapide et pr\u00e9cise, prenant en charge diff\u00e9rents types de contenus tels que du texte, des donn\u00e9es variables et des codes-barres sur jusqu&#8217;\u00e0 six lignes d&#8217;impression. Gr\u00e2ce \u00e0 sa flexibilit\u00e9 et \u00e0 ses performances fiables, la TIJ1800 est un outil id\u00e9al pour r\u00e9pondre aux besoins d&#8217;impression industriels.<\/p>\n<p><\/p>\n<h2 style=\"background-color:#0d8d36;color:white;text-align:center\">Get Price &amp; More Details<\/h2>\n<div class=\"wpforms-container wpforms-container-full wpforms-render-modern\" id=\"wpforms-861\"><form id=\"wpforms-form-861\" class=\"wpforms-validate wpforms-form wpforms-ajax-form\" data-formid=\"861\" method=\"post\" enctype=\"multipart\/form-data\" action=\"\/packaging\/index.php?rest_route=%2Fwp%2Fv2%2Fproduct%2F1854\" data-token=\"b161419f4c3a87b7b84eb300cb5dbc2d\"><noscript class=\"wpforms-error-noscript\">Veuillez activer JavaScript dans votre navigateur pour remplir ce formulaire.<\/noscript><div class=\"wpforms-hidden\" id=\"wpforms-error-noscript\">Veuillez activer JavaScript dans votre navigateur pour remplir ce formulaire.<\/div><div class=\"wpforms-field-container\"><div id=\"wpforms-861-field_1-container\" class=\"wpforms-field wpforms-field-name wpforms-one-half wpforms-first\" data-field-id=\"1\"><label class=\"wpforms-field-label wpforms-label-hide\" for=\"wpforms-861-field_1\" aria-hidden=\"false\">Name <span class=\"wpforms-required-label\" aria-hidden=\"true\">*<\/span><\/label><input type=\"text\" id=\"wpforms-861-field_1\" class=\"wpforms-field-large wpforms-field-required\" name=\"wpforms[fields][1]\" placeholder=\"Name\" aria-errormessage=\"wpforms-861-field_1-error\" required><\/div><div id=\"wpforms-861-field_2-container\" class=\"wpforms-field wpforms-field-text wpforms-one-half\" data-field-id=\"2\"><label class=\"wpforms-field-label wpforms-label-hide\" for=\"wpforms-861-field_2\" aria-hidden=\"false\">Tel <span class=\"wpforms-required-label\" aria-hidden=\"true\">*<\/span><\/label><input type=\"text\" id=\"wpforms-861-field_2\" class=\"wpforms-field-large wpforms-field-required\" name=\"wpforms[fields][2]\" placeholder=\"Tel\" aria-errormessage=\"wpforms-861-field_2-error\" required><\/div><div id=\"wpforms-861-field_3-container\" class=\"wpforms-field wpforms-field-email wpforms-one-half wpforms-first\" data-field-id=\"3\"><label class=\"wpforms-field-label wpforms-label-hide\" for=\"wpforms-861-field_3\" aria-hidden=\"false\">Email <span class=\"wpforms-required-label\" aria-hidden=\"true\">*<\/span><\/label><input type=\"email\" id=\"wpforms-861-field_3\" class=\"wpforms-field-large wpforms-field-required\" name=\"wpforms[fields][3]\" placeholder=\"Email\" spellcheck=\"false\" aria-errormessage=\"wpforms-861-field_3-error\" required><\/div><div id=\"wpforms-861-field_4-container\" class=\"wpforms-field wpforms-field-text wpforms-one-half\" data-field-id=\"4\"><label class=\"wpforms-field-label wpforms-label-hide\" for=\"wpforms-861-field_4\" aria-hidden=\"false\">Country <span class=\"wpforms-required-label\" aria-hidden=\"true\">*<\/span><\/label><input type=\"text\" id=\"wpforms-861-field_4\" class=\"wpforms-field-large wpforms-field-required\" name=\"wpforms[fields][4]\" placeholder=\"Country\" aria-errormessage=\"wpforms-861-field_4-error\" required><\/div><div id=\"wpforms-861-field_5-container\" class=\"wpforms-field wpforms-field-textarea\" data-field-id=\"5\"><label class=\"wpforms-field-label wpforms-label-hide\" for=\"wpforms-861-field_5\" aria-hidden=\"false\">Your Message <span class=\"wpforms-required-label\" aria-hidden=\"true\">*<\/span><\/label><textarea id=\"wpforms-861-field_5\" class=\"wpforms-field-medium wpforms-field-required\" name=\"wpforms[fields][5]\" placeholder=\"Your Message\" aria-errormessage=\"wpforms-861-field_5-error\" required><\/textarea><\/div><\/div><!-- .wpforms-field-container --><div class=\"wpforms-submit-container\" ><input type=\"hidden\" name=\"wpforms[id]\" value=\"861\"><input type=\"hidden\" name=\"wpforms[author]\" value=\"1\"><button type=\"submit\" name=\"wpforms[submit]\" id=\"wpforms-submit-861\" class=\"wpforms-submit\" data-alt-text=\"Sending...\" data-submit-text=\"Submit\" aria-live=\"assertive\" value=\"wpforms-submit\">Submit<\/button><img src=\"https:\/\/www.kmtcoding.com\/packaging\/wp-content\/plugins\/wpforms-lite\/assets\/images\/submit-spin.svg\" class=\"wpforms-submit-spinner\" style=\"display: none;\" width=\"26\" height=\"26\" alt=\"Chargement en cours\"><\/div><\/form><\/div>  <!-- .wpforms-container -->\n","protected":false},"excerpt":{"rendered":"<p>Facilit\u00e9 d&#8217;utilisation : Dot\u00e9e d&#8217;un \u00e9cran tactile et d&#8217;une interface simple, elle peut \u00eatre utilis\u00e9e sans formation sp\u00e9cifique. Seule la cartouche d&#8217;encre vide doit \u00eatre remplac\u00e9e.<\/p>\n<p>Installation pratique : Elle peut \u00eatre install\u00e9e horizontalement ou verticalement, offrant une grande flexibilit\u00e9.<\/p>\n<p>Fonction d&#8217;impression : Elle permet une impression rapide et prend en charge divers contenus tels que texte, donn\u00e9es variables, codes-barres et logos, sur jusqu&#8217;\u00e0 6 lignes d&#8217;impression de 0,5&#8243; maximum.<\/p>\n<p>Sp\u00e9cifications g\u00e9n\u00e9rales : \u00c9quip\u00e9e d&#8217;un \u00e9cran tactile LCD couleur de 4,3 pouces, elle dispose d&#8217;un syst\u00e8me d&#8217;exploitation convivial. Les p\u00e9riph\u00e9riques d&#8217;entr\u00e9e comprennent un \u00e9cran tactile, un clavier USB et Ethernet. Elle est disponible en plusieurs langues. Elle offre des indicateurs LCD pour les alertes, le niveau d&#8217;encre, etc. Elle peut fonctionner dans une plage de temp\u00e9ratures de 15\u00b0C \u00e0 45\u00b0C et prend en charge une alimentation \u00e9lectrique de AC 100V \u00e0 240V, 50\/60Hz.<\/p>\n<p>Cartouche : Prend en charge les cartouches \u00e0 base de solvant ou \u00e0 base d&#8217;eau, avec une distance d&#8217;impression recommand\u00e9e de 1 \u00e0 5 mm. Elle peut imprimer des \u00e9l\u00e9ments alphanum\u00e9riques, des logos, des codes-barres, etc., avec une hauteur d&#8217;impression maximale de 12,7 mm et une vitesse d&#8217;impression ajustable de 0,1 \u00e0 500 m\/min.<\/p>\n<p>Accessoires optionnels : Des accessoires tels qu&#8217;un encodeur pour une qualit\u00e9 d&#8217;impression \u00e9lev\u00e9e sur un convoyeur instable, une photocellule pour une fiabilit\u00e9 accrue, et un kit d&#8217;alarme pour alerter en cas d&#8217;incident sont disponibles en option.<\/p>\n","protected":false},"featured_media":2100,"comment_status":"open","ping_status":"closed","template":"","meta":[],"product_cat":[295,316],"product_tag":[],"aioseo_notices":[],"_links":{"self":[{"href":"https:\/\/www.kmtcoding.com\/packaging\/index.php?rest_route=\/wp\/v2\/product\/1854"}],"collection":[{"href":"https:\/\/www.kmtcoding.com\/packaging\/index.php?rest_route=\/wp\/v2\/product"}],"about":[{"href":"https:\/\/www.kmtcoding.com\/packaging\/index.php?rest_route=\/wp\/v2\/types\/product"}],"replies":[{"embeddable":true,"href":"https:\/\/www.kmtcoding.com\/packaging\/index.php?rest_route=%2Fwp%2Fv2%2Fcomments&post=1854"}],"wp:featuredmedia":[{"embeddable":true,"href":"https:\/\/www.kmtcoding.com\/packaging\/index.php?rest_route=\/wp\/v2\/media\/2100"}],"wp:attachment":[{"href":"https:\/\/www.kmtcoding.com\/packaging\/index.php?rest_route=%2Fwp%2Fv2%2Fmedia&parent=1854"}],"wp:term":[{"taxonomy":"product_cat","embeddable":true,"href":"https:\/\/www.kmtcoding.com\/packaging\/index.php?rest_route=%2Fwp%2Fv2%2Fproduct_cat&post=1854"},{"taxonomy":"product_tag","embeddable":true,"href":"https:\/\/www.kmtcoding.com\/packaging\/index.php?rest_route=%2Fwp%2Fv2%2Fproduct_tag&post=1854"}],"curies":[{"name":"wp","href":"https:\/\/api.w.org\/{rel}","templated":true}]}}