{"id":2359,"date":"2024-06-26T10:21:02","date_gmt":"2024-06-26T10:21:02","guid":{"rendered":"http:\/\/www.kmtcoding.com\/packaging\/?post_type=product&#038;p=2359"},"modified":"2024-06-26T13:30:50","modified_gmt":"2024-06-26T13:30:50","slug":"remplisseuse-poudre-granule-semi-automatique-f-200","status":"publish","type":"product","link":"https:\/\/www.kmtcoding.com\/packaging\/?product=remplisseuse-poudre-granule-semi-automatique-f-200","title":{"rendered":"Remplisseuse poudre granule semi automatique FM-200"},"content":{"rendered":"<p>Remplisseuse poudre granule semi automatique FM-200 en acier inoxydable avec pesage. Con\u00e7u pour quantit\u00e9s d\u00e9finies de 200 gr. Convient pour th\u00e9, graines, c\u00e9r\u00e9ales, s\u00e9same, riz, sel, produits chimiques, micro-composants<span data-mce-type=\"bookmark\" style=\"width: 0px;overflow: hidden;line-height: 0\" class=\"mce_SELRES_start\">\ufeff<\/span><\/p>\n<p><\/p>\n<h2 style=\"background-color:#0d8d36;color:white;text-align:center\">Get Price &amp; More Details<\/h2>\n<div class=\"wpforms-container wpforms-container-full wpforms-render-modern\" id=\"wpforms-861\"><form id=\"wpforms-form-861\" class=\"wpforms-validate wpforms-form wpforms-ajax-form\" data-formid=\"861\" method=\"post\" enctype=\"multipart\/form-data\" action=\"\/packaging\/index.php?rest_route=%2Fwp%2Fv2%2Fproduct%2F2359\" data-token=\"b161419f4c3a87b7b84eb300cb5dbc2d\"><noscript class=\"wpforms-error-noscript\">Veuillez activer JavaScript dans votre navigateur pour remplir ce formulaire.<\/noscript><div class=\"wpforms-hidden\" id=\"wpforms-error-noscript\">Veuillez activer JavaScript dans votre navigateur pour remplir ce formulaire.<\/div><div class=\"wpforms-field-container\"><div id=\"wpforms-861-field_1-container\" class=\"wpforms-field wpforms-field-name wpforms-one-half wpforms-first\" data-field-id=\"1\"><label class=\"wpforms-field-label wpforms-label-hide\" for=\"wpforms-861-field_1\" aria-hidden=\"false\">Name <span class=\"wpforms-required-label\" aria-hidden=\"true\">*<\/span><\/label><input type=\"text\" id=\"wpforms-861-field_1\" class=\"wpforms-field-large wpforms-field-required\" name=\"wpforms[fields][1]\" placeholder=\"Name\" aria-errormessage=\"wpforms-861-field_1-error\" required><\/div><div id=\"wpforms-861-field_2-container\" class=\"wpforms-field wpforms-field-text wpforms-one-half\" data-field-id=\"2\"><label class=\"wpforms-field-label wpforms-label-hide\" for=\"wpforms-861-field_2\" aria-hidden=\"false\">Tel <span class=\"wpforms-required-label\" aria-hidden=\"true\">*<\/span><\/label><input type=\"text\" id=\"wpforms-861-field_2\" class=\"wpforms-field-large wpforms-field-required\" name=\"wpforms[fields][2]\" placeholder=\"Tel\" aria-errormessage=\"wpforms-861-field_2-error\" required><\/div><div id=\"wpforms-861-field_3-container\" class=\"wpforms-field wpforms-field-email wpforms-one-half wpforms-first\" data-field-id=\"3\"><label class=\"wpforms-field-label wpforms-label-hide\" for=\"wpforms-861-field_3\" aria-hidden=\"false\">Email <span class=\"wpforms-required-label\" aria-hidden=\"true\">*<\/span><\/label><input type=\"email\" id=\"wpforms-861-field_3\" class=\"wpforms-field-large wpforms-field-required\" name=\"wpforms[fields][3]\" placeholder=\"Email\" spellcheck=\"false\" aria-errormessage=\"wpforms-861-field_3-error\" required><\/div><div id=\"wpforms-861-field_4-container\" class=\"wpforms-field wpforms-field-text wpforms-one-half\" data-field-id=\"4\"><label class=\"wpforms-field-label wpforms-label-hide\" for=\"wpforms-861-field_4\" aria-hidden=\"false\">Country <span class=\"wpforms-required-label\" aria-hidden=\"true\">*<\/span><\/label><input type=\"text\" id=\"wpforms-861-field_4\" class=\"wpforms-field-large wpforms-field-required\" name=\"wpforms[fields][4]\" placeholder=\"Country\" aria-errormessage=\"wpforms-861-field_4-error\" required><\/div><div id=\"wpforms-861-field_5-container\" class=\"wpforms-field wpforms-field-textarea\" data-field-id=\"5\"><label class=\"wpforms-field-label wpforms-label-hide\" for=\"wpforms-861-field_5\" aria-hidden=\"false\">Your Message <span class=\"wpforms-required-label\" aria-hidden=\"true\">*<\/span><\/label><textarea id=\"wpforms-861-field_5\" class=\"wpforms-field-medium wpforms-field-required\" name=\"wpforms[fields][5]\" placeholder=\"Your Message\" aria-errormessage=\"wpforms-861-field_5-error\" required><\/textarea><\/div><\/div><!-- .wpforms-field-container --><div class=\"wpforms-submit-container\" ><input type=\"hidden\" name=\"wpforms[id]\" value=\"861\"><input type=\"hidden\" name=\"wpforms[author]\" value=\"2\"><button type=\"submit\" name=\"wpforms[submit]\" id=\"wpforms-submit-861\" class=\"wpforms-submit\" data-alt-text=\"Sending...\" data-submit-text=\"Submit\" aria-live=\"assertive\" value=\"wpforms-submit\">Submit<\/button><img src=\"https:\/\/www.kmtcoding.com\/packaging\/wp-content\/plugins\/wpforms-lite\/assets\/images\/submit-spin.svg\" class=\"wpforms-submit-spinner\" style=\"display: none;\" width=\"26\" height=\"26\" alt=\"Chargement en cours\"><\/div><\/form><\/div>  <!-- .wpforms-container -->\n","protected":false},"excerpt":{"rendered":"<p>Convient pour une vari\u00e9t\u00e9 d\u2019applications telles que la farine, le th\u00e9, les graines, les fruits secs, les c\u00e9r\u00e9ales, les graines de s\u00e9same, le riz, les haricots, le sel, les produits chimiques, ainsi que les micro et petits composants.<br \/>\nId\u00e9al pour les mat\u00e9riaux solides non collants en g\u00e9n\u00e9ral.<br \/>\nRemplissage pr\u00e9cis de 200 g.<br \/>\nConstruction en acier inoxydable solide et facile \u00e0 utiliser.<br \/>\nVitesse de remplissage r\u00e9glable.<br \/>\nAffichage du poids et du nombre de remplissages.<\/p>\n","protected":false},"featured_media":2360,"comment_status":"open","ping_status":"closed","template":"","meta":[],"product_cat":[290,294],"product_tag":[],"aioseo_notices":[],"_links":{"self":[{"href":"https:\/\/www.kmtcoding.com\/packaging\/index.php?rest_route=\/wp\/v2\/product\/2359"}],"collection":[{"href":"https:\/\/www.kmtcoding.com\/packaging\/index.php?rest_route=\/wp\/v2\/product"}],"about":[{"href":"https:\/\/www.kmtcoding.com\/packaging\/index.php?rest_route=\/wp\/v2\/types\/product"}],"replies":[{"embeddable":true,"href":"https:\/\/www.kmtcoding.com\/packaging\/index.php?rest_route=%2Fwp%2Fv2%2Fcomments&post=2359"}],"wp:featuredmedia":[{"embeddable":true,"href":"https:\/\/www.kmtcoding.com\/packaging\/index.php?rest_route=\/wp\/v2\/media\/2360"}],"wp:attachment":[{"href":"https:\/\/www.kmtcoding.com\/packaging\/index.php?rest_route=%2Fwp%2Fv2%2Fmedia&parent=2359"}],"wp:term":[{"taxonomy":"product_cat","embeddable":true,"href":"https:\/\/www.kmtcoding.com\/packaging\/index.php?rest_route=%2Fwp%2Fv2%2Fproduct_cat&post=2359"},{"taxonomy":"product_tag","embeddable":true,"href":"https:\/\/www.kmtcoding.com\/packaging\/index.php?rest_route=%2Fwp%2Fv2%2Fproduct_tag&post=2359"}],"curies":[{"name":"wp","href":"https:\/\/api.w.org\/{rel}","templated":true}]}}