{"id":2374,"date":"2024-07-01T09:21:22","date_gmt":"2024-07-01T09:21:22","guid":{"rendered":"http:\/\/www.kmtcoding.com\/packaging\/?post_type=product&#038;p=2374"},"modified":"2024-07-01T09:26:02","modified_gmt":"2024-07-01T09:26:02","slug":"machine-de-remplissage-de-grande-quantite-a-double-tete-3000g_2t3000","status":"publish","type":"product","link":"https:\/\/www.kmtcoding.com\/packaging\/?product=machine-de-remplissage-de-grande-quantite-a-double-tete-3000g_2t3000","title":{"rendered":"2T3000-Machine de remplissage de grande quantit\u00e9 \u00e0 double t\u00eate 3000g"},"content":{"rendered":"<p>Remplisseuse poudre granule semi-automatique 2T999 Cette machine est con\u00e7ue pour le remplissage de grandes quantit\u00e9s avec une double t\u00eate, permettant une production efficace et rapide en acier inoxydable qui peut peser et remplir de la poudre et des granules dans une plage de 30 \u00e0 3000 grammes, adapt\u00e9e pour une vari\u00e9t\u00e9 d\u2019applications telles que le th\u00e9, les graines, les c\u00e9r\u00e9ales, le s\u00e9same, le riz, le sel, les produits chimiques, les micro-composants, etc<\/p>\n<p><\/p>\n<h2 style=\"background-color:#0d8d36;color:white;text-align:center\">Get Price &amp; More Details<\/h2>\n<div class=\"wpforms-container wpforms-container-full wpforms-render-modern\" id=\"wpforms-861\"><form id=\"wpforms-form-861\" class=\"wpforms-validate wpforms-form wpforms-ajax-form\" data-formid=\"861\" method=\"post\" enctype=\"multipart\/form-data\" action=\"\/packaging\/index.php?rest_route=%2Fwp%2Fv2%2Fproduct%2F2374\" data-token=\"24a7b3da4bf0faceb96ff1c4635b937a\"><noscript class=\"wpforms-error-noscript\">Veuillez activer JavaScript dans votre navigateur pour remplir ce formulaire.<\/noscript><div class=\"wpforms-hidden\" id=\"wpforms-error-noscript\">Veuillez activer JavaScript dans votre navigateur pour remplir ce formulaire.<\/div><div class=\"wpforms-field-container\"><div id=\"wpforms-861-field_1-container\" class=\"wpforms-field wpforms-field-name wpforms-one-half wpforms-first\" data-field-id=\"1\"><label class=\"wpforms-field-label wpforms-label-hide\" for=\"wpforms-861-field_1\" aria-hidden=\"false\">Name <span class=\"wpforms-required-label\" aria-hidden=\"true\">*<\/span><\/label><input type=\"text\" id=\"wpforms-861-field_1\" class=\"wpforms-field-large wpforms-field-required\" name=\"wpforms[fields][1]\" placeholder=\"Name\" aria-errormessage=\"wpforms-861-field_1-error\" required><\/div><div id=\"wpforms-861-field_2-container\" class=\"wpforms-field wpforms-field-text wpforms-one-half\" data-field-id=\"2\"><label class=\"wpforms-field-label wpforms-label-hide\" for=\"wpforms-861-field_2\" aria-hidden=\"false\">Tel <span class=\"wpforms-required-label\" aria-hidden=\"true\">*<\/span><\/label><input type=\"text\" id=\"wpforms-861-field_2\" class=\"wpforms-field-large wpforms-field-required\" name=\"wpforms[fields][2]\" placeholder=\"Tel\" aria-errormessage=\"wpforms-861-field_2-error\" required><\/div><div id=\"wpforms-861-field_3-container\" class=\"wpforms-field wpforms-field-email wpforms-one-half wpforms-first\" data-field-id=\"3\"><label class=\"wpforms-field-label wpforms-label-hide\" for=\"wpforms-861-field_3\" aria-hidden=\"false\">Email <span class=\"wpforms-required-label\" aria-hidden=\"true\">*<\/span><\/label><input type=\"email\" id=\"wpforms-861-field_3\" class=\"wpforms-field-large wpforms-field-required\" name=\"wpforms[fields][3]\" placeholder=\"Email\" spellcheck=\"false\" aria-errormessage=\"wpforms-861-field_3-error\" required><\/div><div id=\"wpforms-861-field_4-container\" class=\"wpforms-field wpforms-field-text wpforms-one-half\" data-field-id=\"4\"><label class=\"wpforms-field-label wpforms-label-hide\" for=\"wpforms-861-field_4\" aria-hidden=\"false\">Country <span class=\"wpforms-required-label\" aria-hidden=\"true\">*<\/span><\/label><input type=\"text\" id=\"wpforms-861-field_4\" class=\"wpforms-field-large wpforms-field-required\" name=\"wpforms[fields][4]\" placeholder=\"Country\" aria-errormessage=\"wpforms-861-field_4-error\" required><\/div><div id=\"wpforms-861-field_5-container\" class=\"wpforms-field wpforms-field-textarea\" data-field-id=\"5\"><label class=\"wpforms-field-label wpforms-label-hide\" for=\"wpforms-861-field_5\" aria-hidden=\"false\">Your Message <span class=\"wpforms-required-label\" aria-hidden=\"true\">*<\/span><\/label><textarea id=\"wpforms-861-field_5\" class=\"wpforms-field-medium wpforms-field-required\" name=\"wpforms[fields][5]\" placeholder=\"Your Message\" aria-errormessage=\"wpforms-861-field_5-error\" required><\/textarea><\/div><\/div><!-- .wpforms-field-container --><div class=\"wpforms-submit-container\" ><input type=\"hidden\" name=\"wpforms[id]\" value=\"861\"><input type=\"hidden\" name=\"wpforms[author]\" value=\"2\"><button type=\"submit\" name=\"wpforms[submit]\" id=\"wpforms-submit-861\" class=\"wpforms-submit\" data-alt-text=\"Sending...\" data-submit-text=\"Submit\" aria-live=\"assertive\" value=\"wpforms-submit\">Submit<\/button><img src=\"https:\/\/www.kmtcoding.com\/packaging\/wp-content\/plugins\/wpforms-lite\/assets\/images\/submit-spin.svg\" class=\"wpforms-submit-spinner\" style=\"display: none;\" width=\"26\" height=\"26\" alt=\"Chargement en cours\"><\/div><\/form><\/div>  <!-- .wpforms-container -->\n","protected":false},"excerpt":{"rendered":"<p>Convient pour une vari\u00e9t\u00e9 d\u2019applications telles que la farine, le th\u00e9, les graines, les fruits secs, les c\u00e9r\u00e9ales, les graines de s\u00e9same, le riz, les haricots, le sel, les produits chimiques, ainsi que les micro et petits composants.<br \/>\nId\u00e9al pour les mat\u00e9riaux solides non collants en g\u00e9n\u00e9ral.<br \/>\nConstruction en acier inoxydable solide, facile \u00e0 utiliser et durable.<br \/>\nPermet un remplissage pr\u00e9cis jusqu\u2019\u00e0 3kg.<br \/>\nLa vitesse de remplissage est r\u00e9glable pour s\u2019adapter \u00e0 diff\u00e9rents besoins.<br \/>\nAffichage du poids et du nombre de remplissages pour un contr\u00f4le pr\u00e9cis du processus.<br \/>\n Cette machine est con\u00e7ue pour le remplissage de grandes quantit\u00e9s avec une double t\u00eate<\/p>\n","protected":false},"featured_media":2373,"comment_status":"open","ping_status":"closed","template":"","meta":[],"product_cat":[290,294],"product_tag":[],"aioseo_notices":[],"_links":{"self":[{"href":"https:\/\/www.kmtcoding.com\/packaging\/index.php?rest_route=\/wp\/v2\/product\/2374"}],"collection":[{"href":"https:\/\/www.kmtcoding.com\/packaging\/index.php?rest_route=\/wp\/v2\/product"}],"about":[{"href":"https:\/\/www.kmtcoding.com\/packaging\/index.php?rest_route=\/wp\/v2\/types\/product"}],"replies":[{"embeddable":true,"href":"https:\/\/www.kmtcoding.com\/packaging\/index.php?rest_route=%2Fwp%2Fv2%2Fcomments&post=2374"}],"wp:featuredmedia":[{"embeddable":true,"href":"https:\/\/www.kmtcoding.com\/packaging\/index.php?rest_route=\/wp\/v2\/media\/2373"}],"wp:attachment":[{"href":"https:\/\/www.kmtcoding.com\/packaging\/index.php?rest_route=%2Fwp%2Fv2%2Fmedia&parent=2374"}],"wp:term":[{"taxonomy":"product_cat","embeddable":true,"href":"https:\/\/www.kmtcoding.com\/packaging\/index.php?rest_route=%2Fwp%2Fv2%2Fproduct_cat&post=2374"},{"taxonomy":"product_tag","embeddable":true,"href":"https:\/\/www.kmtcoding.com\/packaging\/index.php?rest_route=%2Fwp%2Fv2%2Fproduct_tag&post=2374"}],"curies":[{"name":"wp","href":"https:\/\/api.w.org\/{rel}","templated":true}]}}