{"id":2402,"date":"2024-08-31T10:18:41","date_gmt":"2024-08-31T10:18:41","guid":{"rendered":"https:\/\/www.kmtcoding.com\/packaging\/?post_type=product&#038;p=2402"},"modified":"2024-08-31T10:18:41","modified_gmt":"2024-08-31T10:18:41","slug":"moulin-a-grains-electrique-model-400g","status":"publish","type":"product","link":"https:\/\/www.kmtcoding.com\/packaging\/?product=moulin-a-grains-electrique-model-400g","title":{"rendered":"Moulin \u00e0 grains \u00e9lectrique Model 400g"},"content":{"rendered":"<p>Ce moulin \u00e0 grains \u00e9lectrique est con\u00e7u pour moudre efficacement une grande vari\u00e9t\u00e9 de grains, \u00e9pices et autres aliments secs. Avec sa puissante motorisation de 1800W et ses 28000 tr\/min, il vous permet d&#8217;obtenir une mouture fine et homog\u00e8ne en quelques secondes.<\/p>\n<p>Caract\u00e9ristiques principales :<\/p>\n<p>Mouture pr\u00e9cise : R\u00e9glez la finesse de mouture entre 30 et 300 microns pour adapter votre pr\u00e9paration \u00e0 toutes vos recettes.<br \/>\nHaute capacit\u00e9 : Avec une capacit\u00e9 de 400g, ce moulin vous permet de moudre de grandes quantit\u00e9s d&#8217;aliments en une seule fois.<br \/>\nConstruction robuste : Fabriqu\u00e9 en acier inoxydable de qualit\u00e9 alimentaire, ce moulin est durable et facile \u00e0 nettoyer.<br \/>\nUtilisation simple : Son fonctionnement intuitif et ses commandes faciles d&#8217;acc\u00e8s en font un appareil id\u00e9al pour un usage quotidien.<br \/>\nS\u00e9curit\u00e9 : Le moulin est \u00e9quip\u00e9 de dispositifs de s\u00e9curit\u00e9 pour une utilisation en toute confiance.<\/p>\n<p><\/p>\n<h2 style=\"background-color:#0d8d36;color:white;text-align:center\">Get Price &amp; More Details<\/h2>\n<div class=\"wpforms-container wpforms-container-full wpforms-render-modern\" id=\"wpforms-861\"><form id=\"wpforms-form-861\" class=\"wpforms-validate wpforms-form wpforms-ajax-form\" data-formid=\"861\" method=\"post\" enctype=\"multipart\/form-data\" action=\"\/packaging\/index.php?rest_route=%2Fwp%2Fv2%2Fproduct%2F2402\" data-token=\"b161419f4c3a87b7b84eb300cb5dbc2d\"><noscript class=\"wpforms-error-noscript\">Veuillez activer JavaScript dans votre navigateur pour remplir ce formulaire.<\/noscript><div class=\"wpforms-hidden\" id=\"wpforms-error-noscript\">Veuillez activer JavaScript dans votre navigateur pour remplir ce formulaire.<\/div><div class=\"wpforms-field-container\"><div id=\"wpforms-861-field_1-container\" class=\"wpforms-field wpforms-field-name wpforms-one-half wpforms-first\" data-field-id=\"1\"><label class=\"wpforms-field-label wpforms-label-hide\" for=\"wpforms-861-field_1\" aria-hidden=\"false\">Name <span class=\"wpforms-required-label\" aria-hidden=\"true\">*<\/span><\/label><input type=\"text\" id=\"wpforms-861-field_1\" class=\"wpforms-field-large wpforms-field-required\" name=\"wpforms[fields][1]\" placeholder=\"Name\" aria-errormessage=\"wpforms-861-field_1-error\" required><\/div><div id=\"wpforms-861-field_2-container\" class=\"wpforms-field wpforms-field-text wpforms-one-half\" data-field-id=\"2\"><label class=\"wpforms-field-label wpforms-label-hide\" for=\"wpforms-861-field_2\" aria-hidden=\"false\">Tel <span class=\"wpforms-required-label\" aria-hidden=\"true\">*<\/span><\/label><input type=\"text\" id=\"wpforms-861-field_2\" class=\"wpforms-field-large wpforms-field-required\" name=\"wpforms[fields][2]\" placeholder=\"Tel\" aria-errormessage=\"wpforms-861-field_2-error\" required><\/div><div id=\"wpforms-861-field_3-container\" class=\"wpforms-field wpforms-field-email wpforms-one-half wpforms-first\" data-field-id=\"3\"><label class=\"wpforms-field-label wpforms-label-hide\" for=\"wpforms-861-field_3\" aria-hidden=\"false\">Email <span class=\"wpforms-required-label\" aria-hidden=\"true\">*<\/span><\/label><input type=\"email\" id=\"wpforms-861-field_3\" class=\"wpforms-field-large wpforms-field-required\" name=\"wpforms[fields][3]\" placeholder=\"Email\" spellcheck=\"false\" aria-errormessage=\"wpforms-861-field_3-error\" required><\/div><div id=\"wpforms-861-field_4-container\" class=\"wpforms-field wpforms-field-text wpforms-one-half\" data-field-id=\"4\"><label class=\"wpforms-field-label wpforms-label-hide\" for=\"wpforms-861-field_4\" aria-hidden=\"false\">Country <span class=\"wpforms-required-label\" aria-hidden=\"true\">*<\/span><\/label><input type=\"text\" id=\"wpforms-861-field_4\" class=\"wpforms-field-large wpforms-field-required\" name=\"wpforms[fields][4]\" placeholder=\"Country\" aria-errormessage=\"wpforms-861-field_4-error\" required><\/div><div id=\"wpforms-861-field_5-container\" class=\"wpforms-field wpforms-field-textarea\" data-field-id=\"5\"><label class=\"wpforms-field-label wpforms-label-hide\" for=\"wpforms-861-field_5\" aria-hidden=\"false\">Your Message <span class=\"wpforms-required-label\" aria-hidden=\"true\">*<\/span><\/label><textarea id=\"wpforms-861-field_5\" class=\"wpforms-field-medium wpforms-field-required\" name=\"wpforms[fields][5]\" placeholder=\"Your Message\" aria-errormessage=\"wpforms-861-field_5-error\" required><\/textarea><\/div><\/div><!-- .wpforms-field-container --><div class=\"wpforms-submit-container\" ><input type=\"hidden\" name=\"wpforms[id]\" value=\"861\"><input type=\"hidden\" name=\"wpforms[author]\" value=\"2\"><button type=\"submit\" name=\"wpforms[submit]\" id=\"wpforms-submit-861\" class=\"wpforms-submit\" data-alt-text=\"Sending...\" data-submit-text=\"Submit\" aria-live=\"assertive\" value=\"wpforms-submit\">Submit<\/button><img src=\"https:\/\/www.kmtcoding.com\/packaging\/wp-content\/plugins\/wpforms-lite\/assets\/images\/submit-spin.svg\" class=\"wpforms-submit-spinner\" style=\"display: none;\" width=\"26\" height=\"26\" alt=\"Chargement en cours\"><\/div><\/form><\/div>  <!-- .wpforms-container -->\n","protected":false},"excerpt":{"rendered":"<p>Id\u00e9al pour :<br \/>\nMoudre tous types de grains (bl\u00e9, ma\u00efs, riz, etc.)<br \/>\nPr\u00e9parer des farines fra\u00eeches<br \/>\nMoudre des \u00e9pices et des herbes aromatiques<br \/>\nR\u00e9aliser des poudres de fruits secs et de noix<\/p>\n<p>Sp\u00e9cifications techniques :<br \/>\nMod\u00e8le : 400g<br \/>\nVoltage : 220V<br \/>\nPuissance : 1800W<br \/>\nVitesse de rotation : 28000 tr\/min<br \/>\nFinesse de mouture : 30-300 microns<br \/>\nPoids : 24.67 kg<br \/>\nDimensions : 540 x 360 x 415 mm<\/p>\n","protected":false},"featured_media":2403,"comment_status":"open","ping_status":"closed","template":"","meta":[],"product_cat":[290,296],"product_tag":[],"aioseo_notices":[],"_links":{"self":[{"href":"https:\/\/www.kmtcoding.com\/packaging\/index.php?rest_route=\/wp\/v2\/product\/2402"}],"collection":[{"href":"https:\/\/www.kmtcoding.com\/packaging\/index.php?rest_route=\/wp\/v2\/product"}],"about":[{"href":"https:\/\/www.kmtcoding.com\/packaging\/index.php?rest_route=\/wp\/v2\/types\/product"}],"replies":[{"embeddable":true,"href":"https:\/\/www.kmtcoding.com\/packaging\/index.php?rest_route=%2Fwp%2Fv2%2Fcomments&post=2402"}],"wp:featuredmedia":[{"embeddable":true,"href":"https:\/\/www.kmtcoding.com\/packaging\/index.php?rest_route=\/wp\/v2\/media\/2403"}],"wp:attachment":[{"href":"https:\/\/www.kmtcoding.com\/packaging\/index.php?rest_route=%2Fwp%2Fv2%2Fmedia&parent=2402"}],"wp:term":[{"taxonomy":"product_cat","embeddable":true,"href":"https:\/\/www.kmtcoding.com\/packaging\/index.php?rest_route=%2Fwp%2Fv2%2Fproduct_cat&post=2402"},{"taxonomy":"product_tag","embeddable":true,"href":"https:\/\/www.kmtcoding.com\/packaging\/index.php?rest_route=%2Fwp%2Fv2%2Fproduct_tag&post=2402"}],"curies":[{"name":"wp","href":"https:\/\/api.w.org\/{rel}","templated":true}]}}