{"id":2406,"date":"2024-08-31T10:57:51","date_gmt":"2024-08-31T10:57:51","guid":{"rendered":"https:\/\/www.kmtcoding.com\/packaging\/?post_type=product&#038;p=2406"},"modified":"2024-08-31T11:04:21","modified_gmt":"2024-08-31T11:04:21","slug":"moulin-a-grains-electrique-sway-400g","status":"publish","type":"product","link":"https:\/\/www.kmtcoding.com\/packaging\/?product=moulin-a-grains-electrique-sway-400g","title":{"rendered":"Moulin \u00e0 grains \u00e9lectrique Sway-400g"},"content":{"rendered":"<p>Ce moulin \u00e0 grains \u00e9lectrique professionnel est con\u00e7u pour r\u00e9pondre aux besoins des plus exigeants. Avec sa puissance de 1800W et sa vitesse de rotation de 28000 tr\/min, il broie rapidement et efficacement une grande vari\u00e9t\u00e9 d&#8217;aliments : grains, c\u00e9r\u00e9ales, \u00e9pices, noix, etc.<\/p>\n<p><\/p>\n<h2 style=\"background-color:#0d8d36;color:white;text-align:center\">Get Price &amp; More Details<\/h2>\n<div class=\"wpforms-container wpforms-container-full wpforms-render-modern\" id=\"wpforms-861\"><form id=\"wpforms-form-861\" class=\"wpforms-validate wpforms-form wpforms-ajax-form\" data-formid=\"861\" method=\"post\" enctype=\"multipart\/form-data\" action=\"\/packaging\/index.php?rest_route=%2Fwp%2Fv2%2Fproduct%2F2406\" data-token=\"b161419f4c3a87b7b84eb300cb5dbc2d\"><noscript class=\"wpforms-error-noscript\">Veuillez activer JavaScript dans votre navigateur pour remplir ce formulaire.<\/noscript><div class=\"wpforms-hidden\" id=\"wpforms-error-noscript\">Veuillez activer JavaScript dans votre navigateur pour remplir ce formulaire.<\/div><div class=\"wpforms-field-container\"><div id=\"wpforms-861-field_1-container\" class=\"wpforms-field wpforms-field-name wpforms-one-half wpforms-first\" data-field-id=\"1\"><label class=\"wpforms-field-label wpforms-label-hide\" for=\"wpforms-861-field_1\" aria-hidden=\"false\">Name <span class=\"wpforms-required-label\" aria-hidden=\"true\">*<\/span><\/label><input type=\"text\" id=\"wpforms-861-field_1\" class=\"wpforms-field-large wpforms-field-required\" name=\"wpforms[fields][1]\" placeholder=\"Name\" aria-errormessage=\"wpforms-861-field_1-error\" required><\/div><div id=\"wpforms-861-field_2-container\" class=\"wpforms-field wpforms-field-text wpforms-one-half\" data-field-id=\"2\"><label class=\"wpforms-field-label wpforms-label-hide\" for=\"wpforms-861-field_2\" aria-hidden=\"false\">Tel <span class=\"wpforms-required-label\" aria-hidden=\"true\">*<\/span><\/label><input type=\"text\" id=\"wpforms-861-field_2\" class=\"wpforms-field-large wpforms-field-required\" name=\"wpforms[fields][2]\" placeholder=\"Tel\" aria-errormessage=\"wpforms-861-field_2-error\" required><\/div><div id=\"wpforms-861-field_3-container\" class=\"wpforms-field wpforms-field-email wpforms-one-half wpforms-first\" data-field-id=\"3\"><label class=\"wpforms-field-label wpforms-label-hide\" for=\"wpforms-861-field_3\" aria-hidden=\"false\">Email <span class=\"wpforms-required-label\" aria-hidden=\"true\">*<\/span><\/label><input type=\"email\" id=\"wpforms-861-field_3\" class=\"wpforms-field-large wpforms-field-required\" name=\"wpforms[fields][3]\" placeholder=\"Email\" spellcheck=\"false\" aria-errormessage=\"wpforms-861-field_3-error\" required><\/div><div id=\"wpforms-861-field_4-container\" class=\"wpforms-field wpforms-field-text wpforms-one-half\" data-field-id=\"4\"><label class=\"wpforms-field-label wpforms-label-hide\" for=\"wpforms-861-field_4\" aria-hidden=\"false\">Country <span class=\"wpforms-required-label\" aria-hidden=\"true\">*<\/span><\/label><input type=\"text\" id=\"wpforms-861-field_4\" class=\"wpforms-field-large wpforms-field-required\" name=\"wpforms[fields][4]\" placeholder=\"Country\" aria-errormessage=\"wpforms-861-field_4-error\" required><\/div><div id=\"wpforms-861-field_5-container\" class=\"wpforms-field wpforms-field-textarea\" data-field-id=\"5\"><label class=\"wpforms-field-label wpforms-label-hide\" for=\"wpforms-861-field_5\" aria-hidden=\"false\">Your Message <span class=\"wpforms-required-label\" aria-hidden=\"true\">*<\/span><\/label><textarea id=\"wpforms-861-field_5\" class=\"wpforms-field-medium wpforms-field-required\" name=\"wpforms[fields][5]\" placeholder=\"Your Message\" aria-errormessage=\"wpforms-861-field_5-error\" required><\/textarea><\/div><\/div><!-- .wpforms-field-container --><div class=\"wpforms-submit-container\" ><input type=\"hidden\" name=\"wpforms[id]\" value=\"861\"><input type=\"hidden\" name=\"wpforms[author]\" value=\"2\"><button type=\"submit\" name=\"wpforms[submit]\" id=\"wpforms-submit-861\" class=\"wpforms-submit\" data-alt-text=\"Sending...\" data-submit-text=\"Submit\" aria-live=\"assertive\" value=\"wpforms-submit\">Submit<\/button><img src=\"https:\/\/www.kmtcoding.com\/packaging\/wp-content\/plugins\/wpforms-lite\/assets\/images\/submit-spin.svg\" class=\"wpforms-submit-spinner\" style=\"display: none;\" width=\"26\" height=\"26\" alt=\"Chargement en cours\"><\/div><\/form><\/div>  <!-- .wpforms-container -->\n","protected":false},"excerpt":{"rendered":"<p>Pourquoi choisir ce moulin ?<\/p>\n<p>Polyvalence: Id\u00e9al pour une utilisation domestique ou professionnelle, il s&#8217;adapte \u00e0 tous vos besoins.<br \/>\nPr\u00e9cision: R\u00e9glez la finesse de mouture selon vos pr\u00e9f\u00e9rences, de tr\u00e8s fine \u00e0 grossi\u00e8re.<br \/>\nRapidit\u00e9: Gagnez du temps gr\u00e2ce \u00e0 sa vitesse de broyage exceptionnelle.<br \/>\nRobustesse: Fabriqu\u00e9 en acier inoxydable, il est durable et facile \u00e0 nettoyer.<br \/>\nS\u00e9curit\u00e9: \u00c9quip\u00e9 de dispositifs de s\u00e9curit\u00e9 pour une utilisation en toute confiance.<br \/>\nCaract\u00e9ristiques techniques:<\/p>\n<p>Mod\u00e8le: Sway-400g<br \/>\nTension: 220V<br \/>\nPuissance: 1800W<br \/>\nVitesse de rotation: 28000 tr\/min<br \/>\nFinesse de mouture r\u00e9glable: de 30 \u00e0 300 microns<br \/>\nPoids: 24,5 kg<br \/>\nDimensions: 455 x 455 x 400 mm (emballage 4 pi\u00e8ces)<\/p>\n","protected":false},"featured_media":2407,"comment_status":"open","ping_status":"closed","template":"","meta":[],"product_cat":[290,296],"product_tag":[],"aioseo_notices":[],"_links":{"self":[{"href":"https:\/\/www.kmtcoding.com\/packaging\/index.php?rest_route=\/wp\/v2\/product\/2406"}],"collection":[{"href":"https:\/\/www.kmtcoding.com\/packaging\/index.php?rest_route=\/wp\/v2\/product"}],"about":[{"href":"https:\/\/www.kmtcoding.com\/packaging\/index.php?rest_route=\/wp\/v2\/types\/product"}],"replies":[{"embeddable":true,"href":"https:\/\/www.kmtcoding.com\/packaging\/index.php?rest_route=%2Fwp%2Fv2%2Fcomments&post=2406"}],"wp:featuredmedia":[{"embeddable":true,"href":"https:\/\/www.kmtcoding.com\/packaging\/index.php?rest_route=\/wp\/v2\/media\/2407"}],"wp:attachment":[{"href":"https:\/\/www.kmtcoding.com\/packaging\/index.php?rest_route=%2Fwp%2Fv2%2Fmedia&parent=2406"}],"wp:term":[{"taxonomy":"product_cat","embeddable":true,"href":"https:\/\/www.kmtcoding.com\/packaging\/index.php?rest_route=%2Fwp%2Fv2%2Fproduct_cat&post=2406"},{"taxonomy":"product_tag","embeddable":true,"href":"https:\/\/www.kmtcoding.com\/packaging\/index.php?rest_route=%2Fwp%2Fv2%2Fproduct_tag&post=2406"}],"curies":[{"name":"wp","href":"https:\/\/api.w.org\/{rel}","templated":true}]}}