{"id":2428,"date":"2025-01-13T16:43:00","date_gmt":"2025-01-13T16:43:00","guid":{"rendered":"https:\/\/www.kmtcoding.com\/packaging\/?post_type=product&#038;p=2428"},"modified":"2025-01-13T16:45:26","modified_gmt":"2025-01-13T16:45:26","slug":"machine-de-remplissage-de-poudre-de-table","status":"publish","type":"product","link":"https:\/\/www.kmtcoding.com\/packaging\/?product=machine-de-remplissage-de-poudre-de-table","title":{"rendered":"Machine de remplissage de poudre de table"},"content":{"rendered":"<p>Caract\u00e9ristiques<br \/>\n01 Peut \u00eatre ajust\u00e9 facilement pour diff\u00e9rentes tailles de volumes.<br \/>\n02 Toutes les pi\u00e8ces proviennent de marques de renomm\u00e9e mondiale avec des performances stables et durables.<br \/>\n03 Le plan de travail est tr\u00e8s pratique \u00e0 utiliser. Efficace et \u00e9conomique.<br \/>\n04 Dosage par vis sans fin avec une grande pr\u00e9cision.<br \/>\nAvantage<br \/>\n01 Cette machine de remplissage de poudre est \u00e9quip\u00e9e d&#8217;une machine, d&#8217;un syst\u00e8me \u00e9lectrique, d&#8217;un \u00e9clairage et d&#8217;un instrument. Elle est contr\u00f4l\u00e9e par un ordinateur \u00e0 puce unique. Elle dispose des fonctions de quantification automatique, de remplissage automatique, de r\u00e9glage automatique de l&#8217;erreur de mesure, etc.<br \/>\n02 Moteur pas \u00e0 pas et technologie de pesage \u00e9lectronique, vitesse rapide et haute pr\u00e9cision.<br \/>\n03 La m\u00eame machine d&#8217;emballage quantitative peut emballer de 0,1 \u00e0 100 g en ajustant et en rempla\u00e7ant les pi\u00e8ces de remplissage de diff\u00e9rentes sp\u00e9cifications avec le clavier de la balance \u00e9lectronique.<br \/>\n04 Les erreurs caus\u00e9es par la gravit\u00e9 sp\u00e9cifique du mat\u00e9riau et le changement de niveau de mat\u00e9riau peuvent \u00eatre automatiquement suivies et corrig\u00e9es.<br \/>\nApplications<br \/>\nUtilis\u00e9 pour la poudre s\u00e8che, la poudre cosm\u00e9tique, le lait en poudre, la poudre de prot\u00e9ines, la poudre d&#8217;assaisonnement, la cannelle moulue, le sucre, etc.<\/p>\n<p><\/p>\n<h2 style=\"background-color:#0d8d36;color:white;text-align:center;\">Get Price &amp; More Details<\/h2>\n<div class=\"wpforms-container wpforms-container-full wpforms-render-modern\" id=\"wpforms-861\"><form id=\"wpforms-form-861\" class=\"wpforms-validate wpforms-form wpforms-ajax-form\" data-formid=\"861\" method=\"post\" enctype=\"multipart\/form-data\" action=\"\/packaging\/index.php?rest_route=%2Fwp%2Fv2%2Fproduct%2F2428\" data-token=\"b161419f4c3a87b7b84eb300cb5dbc2d\"><noscript class=\"wpforms-error-noscript\">Veuillez activer JavaScript dans votre navigateur pour remplir ce formulaire.<\/noscript><div class=\"wpforms-hidden\" id=\"wpforms-error-noscript\">Veuillez activer JavaScript dans votre navigateur pour remplir ce formulaire.<\/div><div class=\"wpforms-field-container\"><div id=\"wpforms-861-field_1-container\" class=\"wpforms-field wpforms-field-name wpforms-one-half wpforms-first\" data-field-id=\"1\"><label class=\"wpforms-field-label wpforms-label-hide\" for=\"wpforms-861-field_1\" aria-hidden=\"false\">Name <span class=\"wpforms-required-label\" aria-hidden=\"true\">*<\/span><\/label><input type=\"text\" id=\"wpforms-861-field_1\" class=\"wpforms-field-large wpforms-field-required\" name=\"wpforms[fields][1]\" placeholder=\"Name\" aria-errormessage=\"wpforms-861-field_1-error\" required><\/div><div id=\"wpforms-861-field_2-container\" class=\"wpforms-field wpforms-field-text wpforms-one-half\" data-field-id=\"2\"><label class=\"wpforms-field-label wpforms-label-hide\" for=\"wpforms-861-field_2\" aria-hidden=\"false\">Tel <span class=\"wpforms-required-label\" aria-hidden=\"true\">*<\/span><\/label><input type=\"text\" id=\"wpforms-861-field_2\" class=\"wpforms-field-large wpforms-field-required\" name=\"wpforms[fields][2]\" placeholder=\"Tel\" aria-errormessage=\"wpforms-861-field_2-error\" required><\/div><div id=\"wpforms-861-field_3-container\" class=\"wpforms-field wpforms-field-email wpforms-one-half wpforms-first\" data-field-id=\"3\"><label class=\"wpforms-field-label wpforms-label-hide\" for=\"wpforms-861-field_3\" aria-hidden=\"false\">Email <span class=\"wpforms-required-label\" aria-hidden=\"true\">*<\/span><\/label><input type=\"email\" id=\"wpforms-861-field_3\" class=\"wpforms-field-large wpforms-field-required\" name=\"wpforms[fields][3]\" placeholder=\"Email\" spellcheck=\"false\" aria-errormessage=\"wpforms-861-field_3-error\" required><\/div><div id=\"wpforms-861-field_4-container\" class=\"wpforms-field wpforms-field-text wpforms-one-half\" data-field-id=\"4\"><label class=\"wpforms-field-label wpforms-label-hide\" for=\"wpforms-861-field_4\" aria-hidden=\"false\">Country <span class=\"wpforms-required-label\" aria-hidden=\"true\">*<\/span><\/label><input type=\"text\" id=\"wpforms-861-field_4\" class=\"wpforms-field-large wpforms-field-required\" name=\"wpforms[fields][4]\" placeholder=\"Country\" aria-errormessage=\"wpforms-861-field_4-error\" required><\/div><div id=\"wpforms-861-field_5-container\" class=\"wpforms-field wpforms-field-textarea\" data-field-id=\"5\"><label class=\"wpforms-field-label wpforms-label-hide\" for=\"wpforms-861-field_5\" aria-hidden=\"false\">Your Message <span class=\"wpforms-required-label\" aria-hidden=\"true\">*<\/span><\/label><textarea id=\"wpforms-861-field_5\" class=\"wpforms-field-medium wpforms-field-required\" name=\"wpforms[fields][5]\" placeholder=\"Your Message\" aria-errormessage=\"wpforms-861-field_5-error\" required><\/textarea><\/div><\/div><!-- .wpforms-field-container --><div class=\"wpforms-submit-container\" ><input type=\"hidden\" name=\"wpforms[id]\" value=\"861\"><input type=\"hidden\" name=\"wpforms[author]\" value=\"1\"><button type=\"submit\" name=\"wpforms[submit]\" id=\"wpforms-submit-861\" class=\"wpforms-submit\" data-alt-text=\"Sending...\" data-submit-text=\"Submit\" aria-live=\"assertive\" value=\"wpforms-submit\">Submit<\/button><img src=\"https:\/\/www.kmtcoding.com\/packaging\/wp-content\/plugins\/wpforms-lite\/assets\/images\/submit-spin.svg\" class=\"wpforms-submit-spinner\" style=\"display: none;\" width=\"26\" height=\"26\" alt=\"Chargement en cours\"><\/div><\/form><\/div>  <!-- .wpforms-container -->\n","protected":false},"excerpt":{"rendered":"<p>La machine adopte un syst\u00e8me de contr\u00f4le PLC, qui est un \u00e9quipement de remplissage de poudre semi-automatique, il peut \u00eatre utilis\u00e9 dans toutes sortes de remplissage de poudre non art\u00e9sienne. tels que les \u00e9pices moulues, le lait en poudre, la poudre de haricots, les m\u00e9dicaments, etc.<br \/>\nIl pr\u00e9sente les caract\u00e9ristiques suivantes : vitesse rapide, pr\u00e9cision sup\u00e9rieure, stabilit\u00e9 \u00e9lev\u00e9e, forte anti-interf\u00e9rence, r\u00e9sistance \u00e0 la corrosion, nettoyage pratique, belle apparence et longue dur\u00e9e de vie. Il est plus adapt\u00e9 aux industries agroalimentaires, m\u00e9dicales, chimiques et autres industries o\u00f9 les produits granulaires s&#8217;\u00e9coulent facilement ou ont une tr\u00e8s faible mobilit\u00e9, tels que le lait en poudre, les boissons solides, le sucre, le glucose, le caf\u00e9, les aliments pour animaux, les m\u00e9dicaments v\u00e9t\u00e9rinaires solides, les m\u00e9dicaments, les pesticides, les additifs granulaires, les colorants, etc.<\/p>\n","protected":false},"featured_media":2431,"comment_status":"open","ping_status":"closed","template":"","meta":[],"product_cat":[290,305],"product_tag":[],"aioseo_notices":[],"_links":{"self":[{"href":"https:\/\/www.kmtcoding.com\/packaging\/index.php?rest_route=\/wp\/v2\/product\/2428"}],"collection":[{"href":"https:\/\/www.kmtcoding.com\/packaging\/index.php?rest_route=\/wp\/v2\/product"}],"about":[{"href":"https:\/\/www.kmtcoding.com\/packaging\/index.php?rest_route=\/wp\/v2\/types\/product"}],"replies":[{"embeddable":true,"href":"https:\/\/www.kmtcoding.com\/packaging\/index.php?rest_route=%2Fwp%2Fv2%2Fcomments&post=2428"}],"wp:featuredmedia":[{"embeddable":true,"href":"https:\/\/www.kmtcoding.com\/packaging\/index.php?rest_route=\/wp\/v2\/media\/2431"}],"wp:attachment":[{"href":"https:\/\/www.kmtcoding.com\/packaging\/index.php?rest_route=%2Fwp%2Fv2%2Fmedia&parent=2428"}],"wp:term":[{"taxonomy":"product_cat","embeddable":true,"href":"https:\/\/www.kmtcoding.com\/packaging\/index.php?rest_route=%2Fwp%2Fv2%2Fproduct_cat&post=2428"},{"taxonomy":"product_tag","embeddable":true,"href":"https:\/\/www.kmtcoding.com\/packaging\/index.php?rest_route=%2Fwp%2Fv2%2Fproduct_tag&post=2428"}],"curies":[{"name":"wp","href":"https:\/\/api.w.org\/{rel}","templated":true}]}}